{"id":78,"date":"2021-07-24T18:29:38","date_gmt":"2021-07-24T18:29:38","guid":{"rendered":"http:\/\/www.barkandtravel.pl\/?page_id=78"},"modified":"2021-12-04T16:28:45","modified_gmt":"2021-12-04T16:28:45","slug":"hodowla","status":"publish","type":"page","link":"https:\/\/www.barkandtravel.pl\/index.php\/hodowla\/","title":{"rendered":"Hodowla Felix Perpetua FCI"},"content":{"rendered":"\n<figure class=\"wp-block-image size-large\"><img loading=\"lazy\" width=\"1024\" height=\"708\" src=\"http:\/\/www.barkandtravel.pl\/wp-content\/uploads\/2021\/12\/DSC00567-1024x708.jpg\" alt=\"\" class=\"wp-image-101\" srcset=\"https:\/\/www.barkandtravel.pl\/wp-content\/uploads\/2021\/12\/DSC00567-1024x708.jpg 1024w, https:\/\/www.barkandtravel.pl\/wp-content\/uploads\/2021\/12\/DSC00567-300x207.jpg 300w, https:\/\/www.barkandtravel.pl\/wp-content\/uploads\/2021\/12\/DSC00567-768x531.jpg 768w, https:\/\/www.barkandtravel.pl\/wp-content\/uploads\/2021\/12\/DSC00567-1536x1062.jpg 1536w, https:\/\/www.barkandtravel.pl\/wp-content\/uploads\/2021\/12\/DSC00567-2048x1416.jpg 2048w\" sizes=\"(max-width: 1024px) 100vw, 1024px\" \/><\/figure>\n\n\n\n<p>Prowadz\u0119 domow\u0105 hodowl\u0119 owczark\u00f3w australijskich, staram si\u0119 jak najlepiej dba\u0107 o psy b\u0119d\u0105ce pod moj\u0105 opiek\u0105 zwracaj\u0105c uwag\u0119 na ich zdrowie, psychik\u0119 i kondycj\u0119. Du\u017c\u0105 wag\u0119 przyk\u0142adam do doboru przysz\u0142ych rodzin dla moich szczeni\u0105t, wi\u0119c wyb\u00f3r szczeniaka w pierwszej dobie, bo ma tak\u0105 urocz\u0105 plamk\u0119 na nosku nie wchodzi u mnie w gr\u0119 &#8211; owczarki australijskie to przede wszystkim rasa pracuj\u0105ca. Elastyczne, towarzyskie, bystre, ale te\u017c g\u0142o\u015bne i k\u0142acz\u0105ce. <\/p>\n\n\n\n<p>Odra to suka o wybitnie mocnym charakterze i udowodni\u0142a, \u017ce jej dzieci to takie same hetery jak ich matka pomimo skojarzenia z najspokojniejszym aussie jakiego widzia\u0142 \u015bwiat.<\/p>\n\n\n\n<p>Psy w mojej hodowli s\u0105 przebadane pod k\u0105tem chor\u00f3b genetycznych. Bardzo pilnuj\u0119 kalendarza profilaktyki oraz regularnych bada\u0144 klinicznych.  Dziewczyny s\u0105 pod kontrol\u0105 ortopedy, okulisty, fizjoterapeuty i szkoleniowca.<\/p>\n\n\n\n<p>Wi\u0119cej informacji z \u017cycia hodowli oraz ewentualne zapowiedzi miot\u00f3w znajdziecie na facebooku pod adresem <\/p>\n\n\n\n<p><a href=\"https:\/\/www.facebook.com\/felix.perpetua.aussies\">https:\/\/www.facebook.com\/felix.perpetua.aussies<\/a><\/p>\n\n\n\n<h3>Jak to si\u0119 sta\u0142o?<\/h3>\n\n\n\n<p>Gibson &#8211; Saussurea CANDY BOY &#8211; pierwszy owczarek australijski, kt\u00f3ry pojawi\u0142 si\u0119 w moim \u017cyciu urodzi\u0142 si\u0119 08.09. 2012, a do mojego trafi\u0142 13.01.2013. Nada\u0142 mojemu \u017cyciu sens, rytm i cel. Trzy lata p\u00f3\u017aniej w domu pojawi\u0142a si\u0119 Audrey czyli COSMIC CHIC Full of Stars. Hodowla zosta\u0142a za\u0142o\u017cona w 2019 roku, a pierwszy i jak dot\u0105d jedyny miot urodzi\u0142 si\u0119 07.10.2021. Spo\u015br\u00f3d sze\u015bciu dziewczyn, kt\u00f3re przysz\u0142y wtedy na \u015bwiat w domu zosta\u0142a pierworodna Bruxa &#8211; Felix Perpetua MISS FORTUNE.<\/p>\n\n\n\n<figure class=\"wp-block-image size-large\"><img loading=\"lazy\" width=\"703\" height=\"1024\" src=\"https:\/\/www.barkandtravel.pl\/wp-content\/uploads\/2021\/12\/120706009_4234434763238639_2327382001647949018_n-703x1024.jpg\" alt=\"\" class=\"wp-image-103\" srcset=\"https:\/\/www.barkandtravel.pl\/wp-content\/uploads\/2021\/12\/120706009_4234434763238639_2327382001647949018_n-703x1024.jpg 703w, https:\/\/www.barkandtravel.pl\/wp-content\/uploads\/2021\/12\/120706009_4234434763238639_2327382001647949018_n-206x300.jpg 206w, https:\/\/www.barkandtravel.pl\/wp-content\/uploads\/2021\/12\/120706009_4234434763238639_2327382001647949018_n-768x1119.jpg 768w, https:\/\/www.barkandtravel.pl\/wp-content\/uploads\/2021\/12\/120706009_4234434763238639_2327382001647949018_n-1054x1536.jpg 1054w, https:\/\/www.barkandtravel.pl\/wp-content\/uploads\/2021\/12\/120706009_4234434763238639_2327382001647949018_n.jpg 1373w\" sizes=\"(max-width: 703px) 100vw, 703px\" \/><\/figure>\n\n\n\n<p><\/p>\n","protected":false},"excerpt":{"rendered":"<p>Prowadz\u0119 domow\u0105 hodowl\u0119 owczark\u00f3w australijskich, staram si\u0119 jak najlepiej dba\u0107 o psy b\u0119d\u0105ce pod moj\u0105 opiek\u0105 zwracaj\u0105c uwag\u0119 na ich zdrowie, psychik\u0119 i kondycj\u0119. Du\u017c\u0105 wag\u0119 przyk\u0142adam do doboru przysz\u0142ych rodzin dla moich szczeni\u0105t, wi\u0119c wyb\u00f3r szczeniaka w pierwszej dobie, bo ma tak\u0105 urocz\u0105 plamk\u0119 [&hellip;]<\/p>\n","protected":false},"author":1,"featured_media":0,"parent":0,"menu_order":0,"comment_status":"closed","ping_status":"closed","template":"","meta":[],"_links":{"self":[{"href":"https:\/\/www.barkandtravel.pl\/index.php\/wp-json\/wp\/v2\/pages\/78"}],"collection":[{"href":"https:\/\/www.barkandtravel.pl\/index.php\/wp-json\/wp\/v2\/pages"}],"about":[{"href":"https:\/\/www.barkandtravel.pl\/index.php\/wp-json\/wp\/v2\/types\/page"}],"author":[{"embeddable":true,"href":"https:\/\/www.barkandtravel.pl\/index.php\/wp-json\/wp\/v2\/users\/1"}],"replies":[{"embeddable":true,"href":"https:\/\/www.barkandtravel.pl\/index.php\/wp-json\/wp\/v2\/comments?post=78"}],"version-history":[{"count":3,"href":"https:\/\/www.barkandtravel.pl\/index.php\/wp-json\/wp\/v2\/pages\/78\/revisions"}],"predecessor-version":[{"id":104,"href":"https:\/\/www.barkandtravel.pl\/index.php\/wp-json\/wp\/v2\/pages\/78\/revisions\/104"}],"wp:attachment":[{"href":"https:\/\/www.barkandtravel.pl\/index.php\/wp-json\/wp\/v2\/media?parent=78"}],"curies":[{"name":"wp","href":"https:\/\/api.w.org\/{rel}","templated":true}]}}