{"id":84,"date":"2021-07-24T18:34:22","date_gmt":"2021-07-24T18:34:22","guid":{"rendered":"http:\/\/www.barkandtravel.pl\/?page_id=84"},"modified":"2021-12-04T14:06:42","modified_gmt":"2021-12-04T14:06:42","slug":"moje-psy","status":"publish","type":"page","link":"https:\/\/www.barkandtravel.pl\/index.php\/moje-psy\/","title":{"rendered":"Moje psy"},"content":{"rendered":"\n<h3>AUDREY &#8211; COSMIC CHIC Full of Stars<\/h3>\n\n\n\n<ul><li>Urodzona 30.10.2015<\/li><li>Ojciec Hearthside Man of Mystery <\/li><li>Matka Preeminen Line MORNING SKY<\/li><li>Champion Polski<\/li><li>Czarny tricolor<\/li><li>HSF4, PRA, CEA &#8211; non affected, MDR1 +\/- <\/li><li>HD A\/A, ED 0<\/li><li>Zgryz pe\u0142ny, no\u017cycowy<\/li><li>Ogon: d\u0142ugi<\/li><li>Oczy: zdrowe, certyfikat ECVO 2020<\/li><\/ul>\n\n\n\n<p>Suka wymarzona, wyb\u0142agana i pod zam\u00f3wienie &#8211; pozna\u0142am jej matk\u0119 na mojej pierwszej wystawie ps\u00f3w &#8211; tak jak nie jestem fank\u0105 merle tak Sky robi wra\u017cenie. Przez trzy lata chodzi\u0142am za jej hodowc\u0105, by w ko\u0144cu przywita\u0107 tego szatana w domu &#8211; oczywi\u015bcie po potwierdzeniu krycia stwierdzi\u0142am, \u017ce je\u015bli urodzi si\u0119 czarna suka z ogonem to bior\u0119 i urodzi\u0142o si\u0119 pi\u0119ciu ch\u0142opak\u00f3w i ona jedna &#8211; czarna z ogonem, pod zam\u00f3wienie. Los bywa przewrotny i miesi\u0105c po jej przywiezieniu przep\u0142aka\u0142am, bo nie by\u0142a taka jak Gibson, ale nauczy\u0142am si\u0119 kocha\u0107 to jej aussikowe szale\u0144stwo.<\/p>\n\n\n\n<p>Odra &#8211; po zarazie, nie po rzece, Audrey to oficjalne imi\u0119, kt\u00f3rego nie s\u0142ysza\u0142a od czasu wyrabiania paszportu. Odrusia to typowy przyk\u0142ad owczarka australijskiego &#8211; szybka, zwinna, wpatrzona w cz\u0142wieka, bardzo elastyczna i ch\u0119tna na wszelkie aktywno\u015bci (lub na wsp\u00f3lne le\u017cenie na kanapie). Mocna psychicznie, wygadana, wspaniale si\u0119 szarpie, ale aportem gardzi. Na ringu wystawowym i agilitowym czuje si\u0119 jak ryba w wodzie, po urodzeniu szczeni\u0105t i odej\u015bciu Gibsona troch\u0119 si\u0119 uspokoi\u0142a. Lubi inne psy, ale bardzo szanuje swoje granice i asertywnie daje zna\u0107, \u017ce zagl\u0105danie jej pod sp\u00f3dnic\u0119 nie jest mile widziane. Suka dobra, cho\u0107 szalona.<\/p>\n\n\n\n<figure class=\"wp-block-gallery columns-1 is-cropped\"><ul class=\"blocks-gallery-grid\"><li class=\"blocks-gallery-item\"><figure><img loading=\"lazy\" width=\"1024\" height=\"683\" src=\"http:\/\/www.barkandtravel.pl\/wp-content\/uploads\/2021\/12\/229382410_5120968551251918_3770031100255060606_n-1024x683.jpg\" alt=\"\" data-id=\"97\" data-full-url=\"http:\/\/www.barkandtravel.pl\/wp-content\/uploads\/2021\/12\/229382410_5120968551251918_3770031100255060606_n.jpg\" data-link=\"http:\/\/www.barkandtravel.pl\/index.php\/moje-psy\/229382410_5120968551251918_3770031100255060606_n\/\" class=\"wp-image-97\" srcset=\"https:\/\/www.barkandtravel.pl\/wp-content\/uploads\/2021\/12\/229382410_5120968551251918_3770031100255060606_n-1024x683.jpg 1024w, https:\/\/www.barkandtravel.pl\/wp-content\/uploads\/2021\/12\/229382410_5120968551251918_3770031100255060606_n-300x200.jpg 300w, https:\/\/www.barkandtravel.pl\/wp-content\/uploads\/2021\/12\/229382410_5120968551251918_3770031100255060606_n-768x512.jpg 768w, https:\/\/www.barkandtravel.pl\/wp-content\/uploads\/2021\/12\/229382410_5120968551251918_3770031100255060606_n.jpg 1440w\" sizes=\"(max-width: 1024px) 100vw, 1024px\" \/><\/figure><\/li><\/ul><\/figure>\n\n\n\n<h3>BRUXA &#8211; Felix Perpetua MISS FORTUNE<\/h3>\n\n\n\n<ul><li>Urodzona 07.10.2020<\/li><li>Ojciec Saussurea CANDY BOY &#8211; Gibson<\/li><li>Matka COSMIC CHIC Full of Stars &#8211; Audrey<\/li><li>Czarny tricolor<\/li><li>HSF4, PRA, CEA &#8211; non affected, MDR1 &#8211; +\/- lub -\/-<\/li><li>Zgryz pe\u0142ny, no\u017cycowy<\/li><li>Ogon: d\u0142ugi<\/li><li>Oczy: zdrowe, certyfikat ECVO 2020<\/li><\/ul>\n\n\n\n<p>Dzikie dziecko, covidowy szczeniaczek, cud maszyna. Suka, kt\u00f3ra najbardziej ze wszystkich moich dotychczasowych ps\u00f3w, a wierzcie mi, psy s\u0105 w moim \u017cyciu od pocz\u0105tku, uczy mnie znaczenia s\u0142owa ambiwalencja &#8211; w jednej sekundzie kocham j\u0105 najbardziej na \u015bwiecie, a wszedzie dooko\u0142a lata brokat, po chwili rozwa\u017cam czy zrobi\u0107 z niej dywan czy mufk\u0119. <\/p>\n\n\n\n<p>Bystra, szybka, zwinna, rozdarta jak koty w marcu, z cudownym naturalnym aportem i pi\u0119knym pop\u0119dem \u0142upu. Wierna kopia matki z zestawem zachowa\u0144 ojca. W przysz\u0142o\u015bci mo\u017ce rally-o, mo\u017ce nosework, a mo\u017ce dywanik \u0142azienkowy, ma rok i jeszcze nie wie kim b\u0119dzie jak doro\u015bnie, ale wiem, \u017ce jaki\u015b czas jej to zajmie &#8211; nauczona do\u015bwiadczeniami z jej matk\u0105 i babk\u0105 wiem, \u017ce suki z tej linii potrzebuj\u0105 d\u0142u\u017cszej chwili by psychicznie okrzepn\u0105\u0107, ale z nadziej\u0105 patrz\u0119 w przysz\u0142o\u015b\u0107, bo wiem, \u017ce warto poczeka\u0107.<\/p>\n\n\n\n<figure class=\"wp-block-image size-large\"><img loading=\"lazy\" width=\"1024\" height=\"683\" src=\"https:\/\/www.barkandtravel.pl\/wp-content\/uploads\/2021\/12\/DSC03459-kopia-1024x683.jpg\" alt=\"\" class=\"wp-image-95\" srcset=\"https:\/\/www.barkandtravel.pl\/wp-content\/uploads\/2021\/12\/DSC03459-kopia-1024x683.jpg 1024w, https:\/\/www.barkandtravel.pl\/wp-content\/uploads\/2021\/12\/DSC03459-kopia-300x200.jpg 300w, https:\/\/www.barkandtravel.pl\/wp-content\/uploads\/2021\/12\/DSC03459-kopia-768x512.jpg 768w, https:\/\/www.barkandtravel.pl\/wp-content\/uploads\/2021\/12\/DSC03459-kopia-1536x1024.jpg 1536w, https:\/\/www.barkandtravel.pl\/wp-content\/uploads\/2021\/12\/DSC03459-kopia.jpg 1920w\" sizes=\"(max-width: 1024px) 100vw, 1024px\" \/><\/figure>\n\n\n\n<p><\/p>\n","protected":false},"excerpt":{"rendered":"<p>AUDREY &#8211; COSMIC CHIC Full of Stars Urodzona 30.10.2015 Ojciec Hearthside Man of Mystery Matka Preeminen Line MORNING SKY Champion Polski Czarny tricolor HSF4, PRA, CEA &#8211; non affected, MDR1 +\/- HD A\/A, ED 0 Zgryz pe\u0142ny, no\u017cycowy Ogon: d\u0142ugi Oczy: zdrowe, certyfikat ECVO 2020 [&hellip;]<\/p>\n","protected":false},"author":1,"featured_media":0,"parent":0,"menu_order":0,"comment_status":"closed","ping_status":"closed","template":"","meta":[],"_links":{"self":[{"href":"https:\/\/www.barkandtravel.pl\/index.php\/wp-json\/wp\/v2\/pages\/84"}],"collection":[{"href":"https:\/\/www.barkandtravel.pl\/index.php\/wp-json\/wp\/v2\/pages"}],"about":[{"href":"https:\/\/www.barkandtravel.pl\/index.php\/wp-json\/wp\/v2\/types\/page"}],"author":[{"embeddable":true,"href":"https:\/\/www.barkandtravel.pl\/index.php\/wp-json\/wp\/v2\/users\/1"}],"replies":[{"embeddable":true,"href":"https:\/\/www.barkandtravel.pl\/index.php\/wp-json\/wp\/v2\/comments?post=84"}],"version-history":[{"count":3,"href":"https:\/\/www.barkandtravel.pl\/index.php\/wp-json\/wp\/v2\/pages\/84\/revisions"}],"predecessor-version":[{"id":99,"href":"https:\/\/www.barkandtravel.pl\/index.php\/wp-json\/wp\/v2\/pages\/84\/revisions\/99"}],"wp:attachment":[{"href":"https:\/\/www.barkandtravel.pl\/index.php\/wp-json\/wp\/v2\/media?parent=84"}],"curies":[{"name":"wp","href":"https:\/\/api.w.org\/{rel}","templated":true}]}}